{"id":91,"date":"2015-09-18T23:07:28","date_gmt":"2015-09-18T23:07:28","guid":{"rendered":"http:\/\/www.sutel.com.uy\/?page_id=91"},"modified":"2022-11-29T17:09:23","modified_gmt":"2022-11-29T20:09:23","slug":"historia-sutel","status":"publish","type":"page","link":"https:\/\/www.sutel.com.uy\/?page_id=91","title":{"rendered":"Historia &#8211; Sutel"},"content":{"rendered":"<h2 style=\"text-align: center;\"><iframe loading=\"lazy\" id=\"iframe_container\" src=\"https:\/\/prezi.com\/embed\/bclqlf2ukgb_\/?bgcolor=ffffff&amp;lock_to_path=0&amp;autoplay=0&amp;autohide_ctrls=0&amp;landing_data=bHVZZmNaNDBIWkRDVE93YVVDTVN5dWF2eDNlZVpKd3ZsSXJTcEltR3JobGdQalVFaVdHa09uelM5L1FoVFFDa21DYlp1UT09&amp;landing_sign=9ml5sq43be675kaA59wCCspqvnnhj7LZ37z7hFRhtfU\" width=\"550\" height=\"400\" frameborder=\"0\" allowfullscreen=\"allowfullscreen\"><\/iframe><\/h2>\n<h2 style=\"text-align: center;\"><strong><em>HISTORIA- COMIENZOS<\/em><\/strong><\/h2>\n<p>&nbsp;<\/p>\n<h4 style=\"text-align: justify;\">Creada en 1985, Reci\u00e9n volviendo de la democracia conlleva toda una historia de acontecimientos que remontan a 1933 y 1935 con las asociaciones fundadas por los trabajadores del correo, Tel\u00e9grafos y Radiotel\u00e9grafos, para luego concretamente surgir de la uni\u00f3n de los trabajadores del sector tel\u00e9fonos provenientes de la AUTE y la federaci\u00f3n Nacional de Telecomunicaciones que nucleaba a los trabajadores de la divisi\u00f3n Telecomunicaciones (telegrafistas, radiotelegrafistas y mensajeros).<\/h4>\n<h4 style=\"text-align: justify;\">Ambas organizaciones, con historia y experiencia de lucha, participaron activamente en la fundaci\u00f3n de la Convenci\u00f3n Nacional de Trabajadores, as\u00ed como, tambi\u00e9n, en la Huelga General de 1973 contra la dictadura. Finalmente, Luego de un proceso rico de debates y definiciones de principios y programa, los trabajadores de telecomunicaciones se agrupan en una sola organizaci\u00f3n,<span style=\"color: #ff0000;\"> <strong>EL SINDICATO \u00daNICO DE LAS TELECOMUNICACIONES, SUTEL.<\/strong><\/span><\/h4>\n<p>&nbsp;<\/p>\n","protected":false},"excerpt":{"rendered":"<p>HISTORIA- COMIENZOS &nbsp; Creada en 1985, Reci\u00e9n volviendo de la democracia conlleva toda una historia de acontecimientos que remontan a 1933 y 1935 con las asociaciones fundadas por los trabajadores &#8230;<\/p>\n","protected":false},"author":4,"featured_media":0,"parent":5,"menu_order":1,"comment_status":"open","ping_status":"open","template":"","meta":{"pagelayer_contact_templates":[],"_pagelayer_content":"","footnotes":""},"class_list":["post-91","page","type-page","status-publish","hentry"],"_links":{"self":[{"href":"https:\/\/www.sutel.com.uy\/index.php?rest_route=\/wp\/v2\/pages\/91","targetHints":{"allow":["GET"]}}],"collection":[{"href":"https:\/\/www.sutel.com.uy\/index.php?rest_route=\/wp\/v2\/pages"}],"about":[{"href":"https:\/\/www.sutel.com.uy\/index.php?rest_route=\/wp\/v2\/types\/page"}],"author":[{"embeddable":true,"href":"https:\/\/www.sutel.com.uy\/index.php?rest_route=\/wp\/v2\/users\/4"}],"replies":[{"embeddable":true,"href":"https:\/\/www.sutel.com.uy\/index.php?rest_route=%2Fwp%2Fv2%2Fcomments&post=91"}],"version-history":[{"count":11,"href":"https:\/\/www.sutel.com.uy\/index.php?rest_route=\/wp\/v2\/pages\/91\/revisions"}],"predecessor-version":[{"id":13507,"href":"https:\/\/www.sutel.com.uy\/index.php?rest_route=\/wp\/v2\/pages\/91\/revisions\/13507"}],"up":[{"embeddable":true,"href":"https:\/\/www.sutel.com.uy\/index.php?rest_route=\/wp\/v2\/pages\/5"}],"wp:attachment":[{"href":"https:\/\/www.sutel.com.uy\/index.php?rest_route=%2Fwp%2Fv2%2Fmedia&parent=91"}],"curies":[{"name":"wp","href":"https:\/\/api.w.org\/{rel}","templated":true}]}}