{"id":19,"date":"2015-06-30T15:40:02","date_gmt":"2015-06-30T15:40:02","guid":{"rendered":"http:\/\/www.sutel.com.uy\/?page_id=19"},"modified":"2015-10-02T20:17:58","modified_gmt":"2015-10-02T20:17:58","slug":"guarderia","status":"publish","type":"page","link":"https:\/\/www.sutel.com.uy\/?page_id=19","title":{"rendered":"GUARDER\u00cdA"},"content":{"rendered":"<p>Somos una Instituci\u00f3n de Educaci\u00f3n Inicial que cuenta con:<\/p>\n<p>. Proyecto educativo institucional con actividades pedag\u00f3gicas para cada nivel<\/p>\n<p>. Personal altamente capacitado<\/p>\n<p>. Reconocido por el Ministerio de Educaci\u00f3n y Cultural y autorizado\u00a0 por el Consejo de Educaci\u00f3n Primaria<\/p>\n<p>con inspecciones y pautas brindadas por ambos organismos.<\/p>\n<p>. Atendemos ni\u00f1os de 45 d\u00edas hasta 5 a\u00f1os<\/p>\n<p>. Optima relaci\u00f3n\u00a0 adulto-ni\u00f1o para una atenci\u00f3n individualizada de acuerdo a la edad<\/p>\n<p>. Amplios horarios (8 hs.)<\/p>\n<p>. Gimnasia y nataci\u00f3n<\/p>\n<p>. Campamento<\/p>\n<p>Nuestra Historia<\/p>\n<p>\u201cEn el a\u00f1o 1990 se forma en Sutel la Comisi\u00f3n Sindical de Guarder\u00eda con el objetivo de trabajar en el<\/p>\n<p>dise\u00f1o del \u2018Proyecto Guarder\u00eda para hijos de funcionarios de Antel\u2019. Desde hac\u00eda ya muchos a\u00f1os esta<\/p>\n<p>era una de las principales reivindicaciones de nuestro gremio debido al alto porcentaje de personal<\/p>\n<p>femenino que desempe\u00f1aba tareas en numerosos sectores del ente, concentrado principalmente en<\/p>\n<p>Sede Central y Aguada.<\/p>\n<p>Luego de haber trabajado mucho durante casi un a\u00f1o en la formulaci\u00f3n de este Proyecto, relevando<\/p>\n<p>datos, conociendo la realidad de otras instituciones, seleccionando y capacitando el personal,<\/p>\n<p>instrumentando diversas pol\u00edticas financieras orientadas a recaudar fondos, aportes y donaciones de<\/p>\n<p>materiales para equipar el local, etc. Finalmente y como resultado de todo ese esfuerzo, en el mes de<\/p>\n<p>diciembre de 1991 Sutel firm\u00f3 un convenio con Antel en el cual \u00e9ste ced\u00eda en comodato precario un local<\/p>\n<p>al sindicato para uso exclusivo de guarder\u00eda, haci\u00e9ndose cargo tambi\u00e9n del pago de los servicios de luz y<\/p>\n<p>agua, siendo de responsabilidad de Sutel la administraci\u00f3n y gastos de mantenimiento del jard\u00edn, as\u00ed<\/p>\n<p>como tambi\u00e9n el pago del servicio telef\u00f3nico. Fue as\u00ed como \u201cLos locos bajitos\u201d abri\u00f3 sus puertas en enero<\/p>\n<p>del 92 y comenz\u00f3 una etapa que en sus comienzos atraves\u00f3 momentos dif\u00edciles pero poco a poco fue<\/p>\n<p>creciendo y desarroll\u00e1ndose.<\/p>\n<p>En este proceso ni\u00f1os, padres y equipo docente son protagonistas directos de un proyecto educativo y<\/p>\n<p>social cuyo objetivo principal es formar un ni\u00f1o sensible, solidario, honesto, que conozca sus derechos<\/p>\n<p>para que sean respetados; y que por sobre todas las cosas sepa compartir la alegr\u00eda de las cosas<\/p>\n<p>simples y la esperanza de un mundo mejor&#8230;&#8230;<\/p>\n<p>Normas generales del Jard\u00edn<\/p>\n<p>Las pautas que detallamos a continuaci\u00f3n son consideradas INDISPENSABLES para el bienestar de nuestros ni\u00f1os.<\/p>\n<p>1.\u00a0Horario de 9 a 17hs. Es important\u00edsima la puntualidad,sobre todo a la salida para evitar que los ni\u00f1os deban esperar a sus<\/p>\n<p>padres mientras sus compa\u00f1eros se retiran.<\/p>\n<p>2.\u00a0Si durante su estad\u00eda en el Jard\u00edn un ni\u00f1o presenta fiebre, manifiesta s\u00edntomas de alguna afecci\u00f3n de f\u00e1cil trasmisi\u00f3n o se lo<\/p>\n<p>nota visiblemente deca\u00eddo, NO PODR\u00c1 PERMANECER\u00a0 en el mismo por razones de atenci\u00f3n propia y<\/p>\n<p>de cuidado hacia el resto de los ni\u00f1os. En estos casos, adem\u00e1s de avisar a la familia para que vengan<\/p>\n<p>inmediatamente al Jard\u00edn, llamaremos a la UCM qui\u00e9n cubre la atenci\u00f3n m\u00e9dica en nuestra Instituci\u00f3n. Cuando los ni\u00f1os,<\/p>\n<p>como resultado de las antedichas circunstancia o si se enferman en su domicilio, deban recibir ATENCI\u00d3N M\u00c9DICA, en el<\/p>\n<p>certificado que el m\u00e9dico extienda DEBE CONSTAR A PARTIR DE QUE FECHA EST\u00c1N EN CONDICIONES DE REITEGRARSE al Jard\u00edn. Esta<\/p>\n<p>exigencia de ALTA M\u00c9DICA es<\/p>\n<p>avalada por MEC en su Direcci\u00f3n<\/p>\n<p>de Primera Infancia.<\/p>\n<p>3.\u00a0Todo medicamento (incluso<\/p>\n<p>inhalador, pomadas, homeopat\u00edas,<\/p>\n<p>etc) que deba recibir el ni\u00f1o en el<\/p>\n<p>horario del Jard\u00edn, deber\u00e1 ser<\/p>\n<p>suministrado por sus padres.<\/p>\n<p>4.\u00a0Los d\u00edas de Club de los niveles<\/p>\n<p>2, 3 y 4 a\u00f1os, los ni\u00f1os que no<\/p>\n<p>asistan, puede quedar en el Jard\u00edn<\/p>\n<p>UNICAMENTE presentando a las<\/p>\n<p>educadoras un certificado m\u00e9dico<\/p>\n<p>que indique el tiempo y la causa<\/p>\n<p>por la cual el ni\u00f1o no est\u00e1 apto<\/p>\n<p>para realizar gimnasia y\/o piscina.<\/p>\n<p>En caso contrario deber\u00e1 ingresar<\/p>\n<p>al Jard\u00edn a las 12hs.<\/p>\n<p>5.\u00a0Se debe presentar fotocopia de<\/p>\n<p>carnet de vacunas, c\u00e9dula de<\/p>\n<p>identidad y carnet de aptitud f\u00edsica<\/p>\n<p>VIGENTES, adem\u00e1s de examen<\/p>\n<p>coproparasitario y esp\u00e1tula<\/p>\n<p>adhesiva cada SEIS meses.<\/p>\n<p>6.\u00a0El ni\u00f1o que ingrese luego de las<\/p>\n<p>12hs debe venir almorzado.<\/p>\n<p>7.\u00a0En caso que el ni\u00f1o sea retirado<\/p>\n<p>por otras personas que no sean<\/p>\n<p>padre o madre, \u00e9stos deber\u00e1n dar<\/p>\n<p>previo aviso. Si se trata por una<\/p>\n<p>persona que no es conocida por el<\/p>\n<p>personal del Jard\u00edn deber\u00e1<\/p>\n<p>informarse su nombre y n\u00famero<\/p>\n<p>de c\u00e9dula (que la persona<\/p>\n<p>presentar\u00e1 a la hora de retirar al<\/p>\n<p>ni\u00f1o.<\/p>\n<p>8.\u00a0El \u00faltimo o pen\u00faltimo viernes de<\/p>\n<p>cada mes, se realiza un Taller de<\/p>\n<p>personal, por lo cual se solicita que<\/p>\n<p>los ni\u00f1os sean retirados esos d\u00edas<\/p>\n<p>a la hora 15 puntualmente. Al<\/p>\n<p>comienzo del a\u00f1o se enviar\u00e1 un<\/p>\n<p>cronograma con las fechas de<\/p>\n<p>dichos Talleres para que las<\/p>\n<p>familias puedan organizarse con<\/p>\n<p>tiempo.<\/p>\n<p>9.\u00a0El festejo de cumplea\u00f1os en el<\/p>\n<p>Jard\u00edn es opcional. En caso de<\/p>\n<p>realizarlo pueden concurrir al<\/p>\n<p>mismo madre, padre y\/o<\/p>\n<p>hermanos.<\/p>\n<p>10.\u00a0Las autorizaciones para paseos<\/p>\n<p>deben venir FIRMADAS. En caso<\/p>\n<p>contrario el ni\u00f1o NO puede salir de<\/p>\n<p>la Instituci\u00f3n.<\/p>\n<p>11.\u00a0El 24 y 31 \/12 , el personal<\/p>\n<p>trabaja sin ni\u00f1os igual que los dos<\/p>\n<p>primeros d\u00edas h\u00e1biles de febrero.<\/p>\n<p>PARA LOGRAR UNA MEJOR<\/p>\n<p>COMUNICACI\u00d3N Y SEGUIR<\/p>\n<p>FORTALECIENDO EL V\u00cdNCULO<\/p>\n<p>ENTRE LAS FAMILIAS Y EL JARD\u00cdN,<\/p>\n<p>LES SOLICITAMOS LEAN<\/p>\n<p>ATENTAMENTE ESTAS NORMAS Y<\/p>\n<p>FIRMEN EL TAL\u00d3N ACEPTANDO SU<\/p>\n<p>CUMPLIMIENTO Y RESPECTO.<\/p>\n<p>Equipo de Direcci\u00f3n y Personal<\/p>\n<p>del<\/p>\n<p>Jard\u00edn<\/p>\n<p>Mesa Ejecutiva de Sutel<\/p>\n<p>Personal del Jard\u00edn<\/p>\n<p>Les presentamos al personal:<\/p>\n<p>Nivel bebes:\u00a0Laura Nasta,<\/p>\n<p>Carmen Sequeira, Mercedes<\/p>\n<p>Estrugo,\u00a0Rossana Acosta y\u00a0 Let\u00edcia<\/p>\n<p>Iturralde.<\/p>\n<p>N\u00edvel 1 a\u00f1o:\u00a0\u00a0 Laura Roth, Gladys<\/p>\n<p>Riverol, Virginia Vique, Natalia<\/p>\n<p>Madera\u00a0 y Cec\u00edlia Algorta.<\/p>\n<p>N\u00edvel 2 a\u00f1os:\u00a0Carmen Rama,<\/p>\n<p>Karina Olmedo, Valentina de los<\/p>\n<p>Santos y Daniela Sosa.<\/p>\n<p>Nivel 3 a\u00f1os:\u00a0Daniela Acosta,<\/p>\n<p>Jimena Quintana y Mariana<\/p>\n<p>Vi\u00f1oles.<\/p>\n<p>Nivel 4 a\u00f1os:\u00a0Leticia Silvera<\/p>\n<p>Profesoras de Ingl\u00e9s:\u00a0Graciela<\/p>\n<p>Villar y Patricia Patr\u00f3n.<\/p>\n<p>Profesor de m\u00fasica:\u00a0Rodrigo<\/p>\n<p>Vignolo.<\/p>\n<p>Auxiliares:\u00a0Gladys Gim\u00e9nez y<\/p>\n<p>Rosario C\u00e1ceres.<\/p>\n<p>Secretaria:\u00a0Rosario Fasciolo.<\/p>\n<p>Equipo de Direcci\u00f3n:\u00a0Sic\u00f3loga<\/p>\n<p>Myriam Sojbe y Maestra Marita<\/p>\n<p>Gonz\u00e1lez (suplente Julia Vignolo).<\/p>\n<p>s<\/p>\n<p>La Guarder\u00eda abarca dos grandes \u00e1reas o sectores:<\/p>\n<p>. El \u00e1rea maternal<\/p>\n<p>Nivel bebes &#8211; 45 d\u00edas a 1 a\u00f1o<\/p>\n<p>Nivel 1 a\u00f1o -12 a 24 meses<\/p>\n<p>. El \u00e1rea Jard\u00edn de Infantes<\/p>\n<p>Niveles 2 a 5 a\u00f1os<\/p>\n<p>Para el \u00e1rea Maternal existe un Proyecto Educativo Institucional y la propuesta pedag\u00f3gica est\u00e1 basada<\/p>\n<p>en el Dise\u00f1o Curricular de Nivel Inicial, Jard\u00edn Maternal del Gobierno de R\u00edo Negro (Rca.Argentina), ya<\/p>\n<p>que no existe a\u00fan en nuestro pa\u00eds un curr\u00edculo para estas edades.\u00a0 En ambos casos, los documentos<\/p>\n<p>oficiales se contextualizan, adapt\u00e1ndolos a nuestra Instituci\u00f3n.<\/p>\n<p>M\u00e1s adelante les contaremos algunos aspectos de nuestro Proyecto Pedag\u00f3gico, pero les adelantamos<\/p>\n<p>que el eje central del mismo es La Ternura&#8230;<\/p>\n<p>Este a\u00f1o, el Ministerio de Educaci\u00f3n y Cultura ha convocado una comisi\u00f3n para la elaboraci\u00f3n de un<\/p>\n<p>dise\u00f1o Curricular Maternal Nacional y nuestro jard\u00edn est\u00e1 representado a trav\u00e9s de la participaci\u00f3n en<\/p>\n<p>dicha comisi\u00f3n de la Maestra Marita Gonz\u00e1lez. El\u00a0 \u00e1rea Jard\u00edn de Infantes se basa en el Dise\u00f1o Curricular<\/p>\n<p>para Jardines de Infantes del Consejo de Educaci\u00f3n Primaria para 2, 3, 4 y 5 a\u00f1os.<\/p>\n<p>VIVENCIAS DE LOS DISTINTOS NIVELES<\/p>\n<p>Nivel Bebes: El nivel bebes constituye la puerta de entrada del ni\u00f1o y su familia al Jard\u00edn. Implica su<\/p>\n<p>incorporaci\u00f3n al mundo de la educaci\u00f3n sistem\u00e1tica.<\/p>\n<p>No somos ni seremos jam\u00e1s sustitutos de la familia, ni de ninguno de sus miembros en<\/p>\n<p>particular somos co-educadores. Complementamos la educaci\u00f3n de sus hijos desde nuestro quehacer<\/p>\n<p>t\u00e9cnico y a trav\u00e9s de la relaci\u00f3n afectiva, base sin la cual no podr\u00edamos edificar. Para la planificaci\u00f3n de<\/p>\n<p>nuestra tarea, trabajamos con el dise\u00f1o curricular maternal del Ministerio de Educaci\u00f3n y Cultura, ya que<\/p>\n<p>somos un Jard\u00edn habilitado por dicho organismo.<\/p>\n<p>Los objetivos principales a trabajar en este nivel son la confianza, el afecto, los v\u00ednculos y lograr que<\/p>\n<p>cada bebe consiga cierta independencia, estimul\u00e1ndolos\u00a0 y respetando siempre sus tiempos, estimular la<\/p>\n<p>socializaci\u00f3n con los otros bebes y los adultos.<\/p>\n<p>Esto forma parte del Proyecto Institucional de nuestro Jard\u00edn, donde cada uno de nosotros trabaja a<\/p>\n<p>diario con una mirada minuciosa para que cada ni\u00f1o tenga un desarrollo feliz.<\/p>\n<p>Nivel 1 a\u00f1o: En Mayo el Jard\u00edn festej\u00f3 el mes del libro realiz\u00e1ndose diferentes actividades.<\/p>\n<p>En la sala de 1 a\u00f1o tuvimos la visita de la mam\u00e1 de Juana del nivel 2, que ley\u00f3 un cuento<\/p>\n<p>el cual disfrutaron mucho. \u00a1GRACIAS!<\/p>\n<p>Nivel 2 a\u00f1os: Queremos contarles que el grupo de 2 a\u00f1os es un grupo alegre, cari\u00f1oso y que disfruta<\/p>\n<p>mucho de bailes grupales con muy creativas \u201ccoreograf\u00edas\u201d<\/p>\n<p>En esta etapa han logrado con \u00e9xito el pasaje de la mamadera al vaso. Tambi\u00e9n se ha<\/p>\n<p>logrado desde el Jard\u00edn y el trabajo de los pap\u00e1s\u00a0muy buenos resultados en el control de esf\u00ednteres.<\/p>\n<p>Festejamos con aplausos y alegr\u00eda cuando cada uno de estos ni\u00f1os, tanto los que ya entraron con<\/p>\n<p>control, como los que est\u00e1n en proceso hacen o piden.<\/p>\n<p>Seguimos estimulando a los que a\u00fan contin\u00faan con pa\u00f1ales y sabemos que con el apoyo<\/p>\n<p>de pap\u00e1 y mam\u00e1 en poco tiempo lo lograr\u00e1n.<\/p>\n<p>Nivel 3 a\u00f1os: Queremos contarles que los ni\u00f1os de 3 a\u00f1os han estado disfrutando y compartiendo<\/p>\n<p>distintas y variadas actividades. Aprendieron canciones, poemas, rimas, juegos, bailes y cuentos con<\/p>\n<p>grandes historias.<\/p>\n<p>Todos los d\u00edas nos reunimos en ronda para cantar y dialogar de temas cotidianos,<\/p>\n<p>adem\u00e1s observan el estado del tiempo y lo registran en un<\/p>\n<p>calendario. Trabajamos con los colores, las figuras geom\u00e9tricas y con diferentes<\/p>\n<p>t\u00e9cnicas, como el arrugado, rasgado, engomado. Realizan grandes obras, tambi\u00e9n charlamos sobre la<\/p>\n<p>familia, el cuerpo y las estaciones.-<\/p>\n<p>Nivel 4 a\u00f1os: Un d\u00eda encontramos en la sala varios tarritos con \u201ccosas\u201d adentro.<\/p>\n<p>Observamos lo que hab\u00eda con mucha atenci\u00f3n. Eran semillas de: lino, girasol, alpiste,<\/p>\n<p>porotos blancos, lentejas.<\/p>\n<p>Con las semillas, tarritos, algod\u00f3n y agua, construimos germinadores, que crecieron y<\/p>\n<p>crecieron por el buen cuidado que les brindamos. Luego\u00a0cada uno de los nenes se lo llev\u00f3 a su casa.<\/p>\n<p>Tambi\u00e9n surgi\u00f3 la idea de plantar semillitas en tierra. As\u00ed lo hicimos con semillas de<\/p>\n<p>perejil, tomillo y petunias. Las estamos regando cada dos d\u00edas,\u00a0y descubrimos como van brotando y<\/p>\n<p>creciendo; sorprendi\u00e9ndonos ante las hojitas verdes que van apareciendo y cuid\u00e1ndolas con mucha<\/p>\n<p>paciencia.<\/p>\n<p>Nivel 5 a\u00f1os: Con el nivel 5 a\u00f1os se han realizado salidas did\u00e1cticas a distintas bibliotecas,<\/p>\n<p>incentivando la lectura como forma de diversi\u00f3n, entretenimiento y\u00a0aprendizaje.<\/p>\n<p>Una de las bibliotecas visitadas es la de Antel, a la cual se le regal\u00f3 un libro elaborado por<\/p>\n<p>los propios alumnos a partir de una propuesta l\u00fadica, en la\u00a0que todos participaron muy entusiasmados<\/p>\n<p>con mucha creatividad. En dicha salida tambi\u00e9n se recorri\u00f3 la Imprenta de Antel, los funcionarios<\/p>\n<p>adem\u00e1s de informar\u00a0sobre el funcionamiento de la Imprenta, regalaron a los alumnos animales impresos<\/p>\n<p>en cartulina para armar, permitiendo la realizaci\u00f3n de distintas actividades.<\/p>\n<p>Objetivos espec\u00edficos<\/p>\n<p>Somos una Instituci\u00f3n de Educaci\u00f3n Inicial que cuenta con:<\/p>\n<p>. Proyecto educativo institucional con actividades pedag\u00f3gicas para cada nivel<\/p>\n<p>. Personal altamente capacitado<\/p>\n<p>. Reconocido por el Ministerio de Educaci\u00f3n y Cultural y autorizado\u00a0 por el Consejo de Educaci\u00f3n Primaria<\/p>\n<p>con inspecciones y pautas brindadas por ambos organismos.<\/p>\n<p>. Atendemos ni\u00f1os de 45 d\u00edas hasta 5 a\u00f1os<\/p>\n<p>. Optima relaci\u00f3n\u00a0 adulto-ni\u00f1o para una atenci\u00f3n individualizada de acuerdo a la edad<\/p>\n<p>. Amplios horarios (8 hs.)<\/p>\n<p>. Gimnasia y nataci\u00f3n<\/p>\n<p>. Campamento<\/p>\n","protected":false},"excerpt":{"rendered":"<p>Somos una Instituci\u00f3n de Educaci\u00f3n Inicial que cuenta con: . Proyecto educativo institucional con actividades pedag\u00f3gicas para cada nivel . Personal altamente capacitado . Reconocido por el Ministerio de Educaci\u00f3n &#8230;<\/p>\n","protected":false},"author":1,"featured_media":151,"parent":7,"menu_order":3,"comment_status":"open","ping_status":"open","template":"","meta":{"pagelayer_contact_templates":[],"_pagelayer_content":"","footnotes":""},"class_list":["post-19","page","type-page","status-publish","has-post-thumbnail","hentry"],"_links":{"self":[{"href":"https:\/\/www.sutel.com.uy\/index.php?rest_route=\/wp\/v2\/pages\/19","targetHints":{"allow":["GET"]}}],"collection":[{"href":"https:\/\/www.sutel.com.uy\/index.php?rest_route=\/wp\/v2\/pages"}],"about":[{"href":"https:\/\/www.sutel.com.uy\/index.php?rest_route=\/wp\/v2\/types\/page"}],"author":[{"embeddable":true,"href":"https:\/\/www.sutel.com.uy\/index.php?rest_route=\/wp\/v2\/users\/1"}],"replies":[{"embeddable":true,"href":"https:\/\/www.sutel.com.uy\/index.php?rest_route=%2Fwp%2Fv2%2Fcomments&post=19"}],"version-history":[{"count":7,"href":"https:\/\/www.sutel.com.uy\/index.php?rest_route=\/wp\/v2\/pages\/19\/revisions"}],"predecessor-version":[{"id":159,"href":"https:\/\/www.sutel.com.uy\/index.php?rest_route=\/wp\/v2\/pages\/19\/revisions\/159"}],"up":[{"embeddable":true,"href":"https:\/\/www.sutel.com.uy\/index.php?rest_route=\/wp\/v2\/pages\/7"}],"wp:featuredmedia":[{"embeddable":true,"href":"https:\/\/www.sutel.com.uy\/index.php?rest_route=\/wp\/v2\/media\/151"}],"wp:attachment":[{"href":"https:\/\/www.sutel.com.uy\/index.php?rest_route=%2Fwp%2Fv2%2Fmedia&parent=19"}],"curies":[{"name":"wp","href":"https:\/\/api.w.org\/{rel}","templated":true}]}}