{"id":12461,"date":"2020-04-16T13:45:05","date_gmt":"2020-04-16T16:45:05","guid":{"rendered":"http:\/\/www.sutel.com.uy\/?page_id=12461"},"modified":"2020-08-18T19:27:28","modified_gmt":"2020-08-18T22:27:28","slug":"campana-de-fondo-sutel-social","status":"publish","type":"page","link":"https:\/\/www.sutel.com.uy\/?page_id=12461","title":{"rendered":"Campa\u00f1a de Fondo Sutel Social"},"content":{"rendered":"<p style=\"text-align: center;\">COMUNICADO DE SUTEL A TOD@S L@S TRABAJADOR@S Y A LA CIUDADAN\u00cdA.<\/p>\n<p style=\"text-align: center;\">Dada la actual crisis sanitaria, social y econ\u00f3mica que estamos atravesando como sociedad, la Mesa Ejecutiva de SUTEL entiende que impera la necesidad dar respuesta a esta situaci\u00f3n como sindicato, por lo que ha resuelto:<\/p>\n<p style=\"text-align: center;\">1) La creaci\u00f3n del Fondo SUTEL Social con un importante aporte econ\u00f3mico, que saldr\u00e1 de las arcas de SUTEL.<\/p>\n<p style=\"text-align: center;\">2) Invitar a tod@s l@s trabajador@s de ANTEL y ACCESA a colaborar en forma voluntaria con un aporte en la cuenta que se crear\u00e1 para dicho fondo.<\/p>\n<p style=\"text-align: center;\">3) La primer colaboraci\u00f3n se realizar\u00e1 en apoyo al trabajo que viene realizando el PIT-CNT junto a organizaciones sociales para la creaci\u00f3n de canastas; adem\u00e1s nos proponemos ver la posibilidad de ayudar a l@s trabajador@s de limpieza y seguridad que trabajan en nuestra empresa a quienes se les han reducido las horas o enviado al seguro de paro; tambi\u00e9n se buscar\u00e1 cooperar con colectivos u organizaciones que requieran una mano.<\/p>\n<p style=\"text-align: center;\">4) Colaborar con las acciones que se est\u00e1n realizando en los plenarios del interior.<br \/>\nEsta acci\u00f3n tiene como intenci\u00f3n organizar y centralizar los esfuerzos individuales que cada un@ hemos o queremos hacer, en una acci\u00f3n colectiva, de cercan\u00eda y que apunte a impulsar un di\u00e1logo nacional, que permita abrir puertas para colaborar con tod@s aquell@s que hoy precisan de nuestro apoyo.<\/p>\n<p style=\"text-align: center;\">Que nadie quede aislad@ es tarea de tod@s.<br \/>\nCompartir es luchar.<br \/>\nLa solidaridad no fallar\u00e1.<\/p>\n<p style=\"text-align: center;\"><iframe loading=\"lazy\" style=\"border: none; overflow: hidden;\" src=\"https:\/\/www.facebook.com\/plugins\/post.php?href=https%3A%2F%2Fwww.facebook.com%2FPITCNTSUTEL%2Fposts%2F970814296668869&amp;width=500\" width=\"500\" height=\"707\" frameborder=\"0\" scrolling=\"no\"><\/iframe><\/p>\n<p style=\"text-align: center;\"><iframe loading=\"lazy\" style=\"border: none; overflow: hidden;\" src=\"https:\/\/www.facebook.com\/plugins\/post.php?href=https%3A%2F%2Fwww.facebook.com%2FPITCNTSUTEL%2Fposts%2F970817086668590&amp;width=500\" width=\"500\" height=\"458\" frameborder=\"0\" scrolling=\"no\"><\/iframe><\/p>\n<p style=\"text-align: center;\"><iframe loading=\"lazy\" style=\"border: none; overflow: hidden;\" src=\"https:\/\/www.facebook.com\/plugins\/post.php?href=https%3A%2F%2Fwww.facebook.com%2FPITCNTSUTEL%2Fposts%2F964094030674229&amp;width=500\" width=\"500\" height=\"658\" frameborder=\"0\" scrolling=\"no\"><\/iframe><\/p>\n<p style=\"text-align: center;\"><iframe loading=\"lazy\" style=\"border: none; overflow: hidden;\" src=\"https:\/\/www.facebook.com\/plugins\/post.php?href=https%3A%2F%2Fwww.facebook.com%2FPITCNTSUTEL%2Fposts%2F963688897381409&amp;width=500\" width=\"500\" height=\"657\" frameborder=\"0\" scrolling=\"no\"><\/iframe><\/p>\n<p style=\"text-align: center;\"><iframe loading=\"lazy\" style=\"border: none; overflow: hidden;\" src=\"https:\/\/www.facebook.com\/plugins\/post.php?href=https%3A%2F%2Fwww.facebook.com%2FPITCNTSUTEL%2Fposts%2F960556354361330&amp;width=500\" width=\"500\" height=\"658\" frameborder=\"0\" scrolling=\"no\"><\/iframe><\/p>\n","protected":false},"excerpt":{"rendered":"<p>COMUNICADO DE SUTEL A TOD@S L@S TRABAJADOR@S Y A LA CIUDADAN\u00cdA. Dada la actual crisis sanitaria, social y econ\u00f3mica que estamos atravesando como sociedad, la Mesa Ejecutiva de SUTEL entiende &#8230;<\/p>\n","protected":false},"author":7,"featured_media":12434,"parent":0,"menu_order":0,"comment_status":"closed","ping_status":"closed","template":"","meta":{"pagelayer_contact_templates":[],"_pagelayer_content":"","footnotes":""},"class_list":["post-12461","page","type-page","status-publish","has-post-thumbnail","hentry"],"_links":{"self":[{"href":"https:\/\/www.sutel.com.uy\/index.php?rest_route=\/wp\/v2\/pages\/12461","targetHints":{"allow":["GET"]}}],"collection":[{"href":"https:\/\/www.sutel.com.uy\/index.php?rest_route=\/wp\/v2\/pages"}],"about":[{"href":"https:\/\/www.sutel.com.uy\/index.php?rest_route=\/wp\/v2\/types\/page"}],"author":[{"embeddable":true,"href":"https:\/\/www.sutel.com.uy\/index.php?rest_route=\/wp\/v2\/users\/7"}],"replies":[{"embeddable":true,"href":"https:\/\/www.sutel.com.uy\/index.php?rest_route=%2Fwp%2Fv2%2Fcomments&post=12461"}],"version-history":[{"count":7,"href":"https:\/\/www.sutel.com.uy\/index.php?rest_route=\/wp\/v2\/pages\/12461\/revisions"}],"predecessor-version":[{"id":12847,"href":"https:\/\/www.sutel.com.uy\/index.php?rest_route=\/wp\/v2\/pages\/12461\/revisions\/12847"}],"wp:featuredmedia":[{"embeddable":true,"href":"https:\/\/www.sutel.com.uy\/index.php?rest_route=\/wp\/v2\/media\/12434"}],"wp:attachment":[{"href":"https:\/\/www.sutel.com.uy\/index.php?rest_route=%2Fwp%2Fv2%2Fmedia&parent=12461"}],"curies":[{"name":"wp","href":"https:\/\/api.w.org\/{rel}","templated":true}]}}