{"id":1024,"date":"2015-11-28T23:17:46","date_gmt":"2015-11-29T02:17:46","guid":{"rendered":"http:\/\/www.sutel.com.uy\/?page_id=1024"},"modified":"2015-11-28T23:17:46","modified_gmt":"2015-11-29T02:17:46","slug":"videos-institucionales-fiesta-30-anos-sutel","status":"publish","type":"page","link":"https:\/\/www.sutel.com.uy\/?page_id=1024","title":{"rendered":"Videos Institucionales Fiesta 30 a\u00f1os Sutel"},"content":{"rendered":"<p>Mensaje del compa\u00f1ero Presidente de SUTEL Gabriel \u00abChifle\u00bb Molina, acompa\u00f1ado por los compa\u00f1eros de la Mesa Ejecutiva de nuestro sindicato, en la fiesta de aniversario de los 30 a\u00f1os.<\/p>\n<p><iframe loading=\"lazy\" title=\"Discurso Gabriel &quot;Chifle&quot; Molina Fiesta Sutel 30 Aniversario\" width=\"800\" height=\"450\" src=\"https:\/\/www.youtube.com\/embed\/15pVErc-DRI?feature=oembed\" frameborder=\"0\" allow=\"accelerometer; autoplay; clipboard-write; encrypted-media; gyroscope; picture-in-picture; web-share\" allowfullscreen><\/iframe><\/p>\n<p>Discurso del compa\u00f1ero Secretario General del PIT-CNT Marcelo \u00abTurco\u00bb Abdala.<\/p>\n<p><iframe loading=\"lazy\" title=\"Mensaje Marcelo &quot;Turco&quot; Abdala 30 aniversario SUTEL\" width=\"800\" height=\"450\" src=\"https:\/\/www.youtube.com\/embed\/FbKZZzmyzkE?feature=oembed\" frameborder=\"0\" allow=\"accelerometer; autoplay; clipboard-write; encrypted-media; gyroscope; picture-in-picture; web-share\" allowfullscreen><\/iframe><\/p>\n","protected":false},"excerpt":{"rendered":"<p>Mensaje del compa\u00f1ero Presidente de SUTEL Gabriel \u00abChifle\u00bb Molina, acompa\u00f1ado por los compa\u00f1eros de la Mesa Ejecutiva de nuestro sindicato, en la fiesta de aniversario de los 30 a\u00f1os. Discurso &#8230;<\/p>\n","protected":false},"author":3,"featured_media":1025,"parent":0,"menu_order":0,"comment_status":"closed","ping_status":"closed","template":"","meta":{"pagelayer_contact_templates":[],"_pagelayer_content":"","footnotes":""},"class_list":["post-1024","page","type-page","status-publish","has-post-thumbnail","hentry"],"_links":{"self":[{"href":"https:\/\/www.sutel.com.uy\/index.php?rest_route=\/wp\/v2\/pages\/1024","targetHints":{"allow":["GET"]}}],"collection":[{"href":"https:\/\/www.sutel.com.uy\/index.php?rest_route=\/wp\/v2\/pages"}],"about":[{"href":"https:\/\/www.sutel.com.uy\/index.php?rest_route=\/wp\/v2\/types\/page"}],"author":[{"embeddable":true,"href":"https:\/\/www.sutel.com.uy\/index.php?rest_route=\/wp\/v2\/users\/3"}],"replies":[{"embeddable":true,"href":"https:\/\/www.sutel.com.uy\/index.php?rest_route=%2Fwp%2Fv2%2Fcomments&post=1024"}],"version-history":[{"count":1,"href":"https:\/\/www.sutel.com.uy\/index.php?rest_route=\/wp\/v2\/pages\/1024\/revisions"}],"predecessor-version":[{"id":1027,"href":"https:\/\/www.sutel.com.uy\/index.php?rest_route=\/wp\/v2\/pages\/1024\/revisions\/1027"}],"wp:featuredmedia":[{"embeddable":true,"href":"https:\/\/www.sutel.com.uy\/index.php?rest_route=\/wp\/v2\/media\/1025"}],"wp:attachment":[{"href":"https:\/\/www.sutel.com.uy\/index.php?rest_route=%2Fwp%2Fv2%2Fmedia&parent=1024"}],"curies":[{"name":"wp","href":"https:\/\/api.w.org\/{rel}","templated":true}]}}